{"id":11,"date":"2024-01-18T14:10:50","date_gmt":"2024-01-18T13:10:50","guid":{"rendered":"https:\/\/rejtettenunk.hu\/?page_id=11"},"modified":"2026-03-31T17:34:17","modified_gmt":"2026-03-31T15:34:17","slug":"numerologia-elemzes","status":"publish","type":"page","link":"https:\/\/rejtettenunk.hu\/?page_id=11","title":{"rendered":"Sz\u00e1mmisztikai elemz\u00e9s"},"content":{"rendered":"\n<p><\/p>\n\n\n\n<p>A sz\u00e1mmisztika egy j\u00f3 m\u00f3dszer azok sz\u00e1m\u00e1ra, akik szeretn\u00e9nek elindulni az \u00f6nismeret \u00fatj\u00e1n,&nbsp; elakadtak az \u00e9let\u00fckben, vagy csak \u00e9pp \u00e9reznek egy bels\u0151 k\u00e9sztet\u00e9st, hogy nem j\u00f3 helyen vannak.<\/p>\n\n\n\n<p>R\u00e1vil\u00e1g\u00edt az alapvet\u0151 tulajdons\u00e1gainkra, m\u0171k\u00f6d\u00e9s\u00fcnkre, milyen energi\u00e1k hatnak r\u00e1nk. Megtudhatjuk mi az amiben fejl\u0151d\u00e9sre szorulunk \u00e9s mi az amik m\u00e1r adottak, amiket kamatoztathatunk. T\u00fckr\u00f6t tart el\u00e9nk, milyenek vagyunk most. C\u00e9lt adhat, mert utat mutat a j\u00f6v\u0151nkre n\u00e9zve, merre \u00e9rdemes haladunk, milyen lehet\u0151s\u00e9gek rejlenek benn\u00fcnk.&nbsp;<\/p>\n\n\n\n<p>Hiszek benne, hogy akik fejl\u0151dni szeretn\u00e9nek, azoknak hasznukra v\u00e1lik ez a m\u00f3dszer.<\/p>\n\n\n\n<p>Alapot ad, amihez b\u00e1rmikor vissza lehet ny\u00falni, meg lehet vizsg\u00e1lni, el\u0151 lehet venni, hiszen tulajdonk\u00e9ppen ez a saj\u00e1t kis csomagunk, amit sz\u00fclet\u00e9s\u00fcnkor kaptunk. Haszn\u00e1ljuk b\u00e1tran, fejlessz\u00fck, adjunk hozz\u00e1, vegy\u00fcnk el ha kell, \u00e9lj\u00fcnk vele, hiszen a mi\u00e9nk.<\/p>\n\n\n\n<h2 class=\"wp-block-heading\">Az elemz\u00e9sr\u0151l<\/h2>\n\n\n\n<p>A teljes elemz\u00e9s 25.000 Ft. Ebben a sz\u00fclet\u00e9si k\u00e9pletedre, napsz\u00e1modra, sorsutadra \u00e9s sorssz\u00e1modra fogunk r\u00e1n\u00e9zni. \u00c1tbesz\u00e9lj\u00fck mire \u00e9rdemes figyelni a jelenben, mely ter\u00fcleteken kell levezetni az energi\u00e1kat \u00e9s min \u00e9rdemes dolgozni m\u00e9g a j\u00f6v\u0151ben. A konzult\u00e1ci\u00f3 egy 90 perces online besz\u00e9lget\u00e9s keret\u00e9ben t\u00f6rt\u00e9nik.<\/p>\n\n\n\n<p>Bontott csomag:<\/p>\n\n\n\n<p>Ha nem tudod eld\u00f6nteni, hogy ez a te m\u00f3dszered, csin\u00e1ltam egy bontott csomagot.<\/p>\n\n\n\n<p>1. csomagban a sz\u00fclet\u00e9si d\u00e1tumb\u00f3l n\u00e9zem milyen energi\u00e1kat hozol, teh\u00e1t a jelenre f\u00f3kusz\u00e1l.<\/p>\n\n\n\n<p>2. csomagban a sorsutat, sorsfeladatot \u00e9s sz\u00f6gcs\u00facsokat n\u00e9zem, teh\u00e1t ink\u00e1bb a j\u00f6v\u0151re f\u00f3kusz\u00e1l.<\/p>\n\n\n\n<p>A bontott csomagok 12.500 Ft. \u00e9s 45 perces online konzult\u00e1ci\u00f3t foglalnak magukban. Akik ezt v\u00e1lasztj\u00e1k, kezd\u00e9snek az els\u0151 csomagot aj\u00e1nlom.<\/p>\n\n\n\n<p>N\u00e9velemz\u00e9sb\u0151l megtudhatod milyen energi\u00e1kkal t\u00e1mogat t\u00e9ged a neved.<\/p>\n\n\n\n<p>30 perces konzult\u00e1ci\u00f3 5000 Ft..<\/p>\n\n\n\n<div style=\"height:30px\" aria-hidden=\"true\" class=\"wp-block-spacer\"><\/div>\n\n\n\n<p>Tov\u00e1bbi cikkek: <\/p>\n\n\n\n<figure class=\"wp-block-embed is-type-wp-embed is-provider-rejtettenunk-hu wp-block-embed-rejtettenunk-hu\"><div class=\"wp-block-embed__wrapper\">\n<blockquote class=\"wp-embedded-content\" data-secret=\"bnX6B2do3w\"><a href=\"https:\/\/rejtettenunk.hu\/?p=505\">Amikor adsz egy es\u00e9lyt valami \u00fajnak \u2013 \u00e9s k\u00f6zelebb ker\u00fclsz \u00f6nmagadhoz<\/a><\/blockquote><iframe loading=\"lazy\" class=\"wp-embedded-content\" sandbox=\"allow-scripts\" security=\"restricted\" style=\"position: absolute; visibility: hidden;\" title=\"&#8220;Amikor adsz egy es\u00e9lyt valami \u00fajnak \u2013 \u00e9s k\u00f6zelebb ker\u00fclsz \u00f6nmagadhoz&#8221; &#8212; rejtettenunk.hu\" src=\"https:\/\/rejtettenunk.hu\/?p=505&#038;embed=true#?secret=XWO8iWWY9m#?secret=bnX6B2do3w\" data-secret=\"bnX6B2do3w\" width=\"600\" height=\"338\" frameborder=\"0\" marginwidth=\"0\" marginheight=\"0\" scrolling=\"no\"><\/iframe>\n<\/div><\/figure>\n\n\n\n<div style=\"height:30px\" aria-hidden=\"true\" class=\"wp-block-spacer\"><\/div>\n\n\n\n<figure class=\"wp-block-embed is-type-wp-embed is-provider-rejtettenunk-hu wp-block-embed-rejtettenunk-hu\"><div class=\"wp-block-embed__wrapper\">\n<blockquote class=\"wp-embedded-content\" data-secret=\"Y5596gH4Kf\"><a href=\"https:\/\/rejtettenunk.hu\/?p=127\">Sz\u00e1mokhoz tartoz\u00f3 alapmin\u0151s\u00e9gek \u00e9s egy kis \u00e9rdekess\u00e9g!<\/a><\/blockquote><iframe loading=\"lazy\" class=\"wp-embedded-content\" sandbox=\"allow-scripts\" security=\"restricted\" style=\"position: absolute; visibility: hidden;\" title=\"&#8220;Sz\u00e1mokhoz tartoz\u00f3 alapmin\u0151s\u00e9gek \u00e9s egy kis \u00e9rdekess\u00e9g!&#8221; &#8212; rejtettenunk.hu\" src=\"https:\/\/rejtettenunk.hu\/?p=127&#038;embed=true#?secret=csaAP2VWRT#?secret=Y5596gH4Kf\" data-secret=\"Y5596gH4Kf\" width=\"600\" height=\"338\" frameborder=\"0\" marginwidth=\"0\" marginheight=\"0\" scrolling=\"no\"><\/iframe>\n<\/div><\/figure>\n\n\n\n<div style=\"height:30px\" aria-hidden=\"true\" class=\"wp-block-spacer\"><\/div>\n\n\n\n<figure class=\"wp-block-embed is-type-wp-embed is-provider-rejtettenunk-hu wp-block-embed-rejtettenunk-hu\"><div class=\"wp-block-embed__wrapper\">\n<blockquote class=\"wp-embedded-content\" data-secret=\"cgwOuhdN4h\"><a href=\"https:\/\/rejtettenunk.hu\/?p=57\">A sz\u00e1mmisztika t\u00f6rt\u00e9nete<\/a><\/blockquote><iframe loading=\"lazy\" class=\"wp-embedded-content\" sandbox=\"allow-scripts\" security=\"restricted\" style=\"position: absolute; visibility: hidden;\" title=\"&#8220;A sz\u00e1mmisztika t\u00f6rt\u00e9nete&#8221; &#8212; rejtettenunk.hu\" src=\"https:\/\/rejtettenunk.hu\/?p=57&#038;embed=true#?secret=m9QKXqbknZ#?secret=cgwOuhdN4h\" data-secret=\"cgwOuhdN4h\" width=\"600\" height=\"338\" frameborder=\"0\" marginwidth=\"0\" marginheight=\"0\" scrolling=\"no\"><\/iframe>\n<\/div><\/figure>\n","protected":false},"excerpt":{"rendered":"<p>A sz\u00e1mmisztika egy j\u00f3 m\u00f3dszer azok sz\u00e1m\u00e1ra, akik szeretn\u00e9nek elindulni az \u00f6nismeret \u00fatj\u00e1n,&nbsp; elakadtak az \u00e9let\u00fckben, vagy csak \u00e9pp \u00e9reznek egy bels\u0151 k\u00e9sztet\u00e9st, hogy nem j\u00f3 helyen vannak. R\u00e1vil\u00e1g\u00edt az alapvet\u0151 tulajdons\u00e1gainkra, m\u0171k\u00f6d\u00e9s\u00fcnkre, milyen energi\u00e1k hatnak r\u00e1nk. Megtudhatjuk mi az amiben fejl\u0151d\u00e9sre szorulunk \u00e9s mi az amik m\u00e1r adottak, amiket kamatoztathatunk. T\u00fckr\u00f6t tart el\u00e9nk, milyenek vagyunk most. C\u00e9lt adhat, mert utat mutat a j\u00f6v\u0151nkre n\u00e9zve, merre \u00e9rdemes haladunk, milyen lehet\u0151s\u00e9gek rejlenek benn\u00fcnk.&nbsp; Hiszek benne, hogy akik fejl\u0151dni szeretn\u00e9nek, azoknak hasznukra v\u00e1lik ez a m\u00f3dszer. Alapot ad, amihez b\u00e1rmikor vissza lehet ny\u00falni, meg lehet vizsg\u00e1lni, el\u0151 lehet venni, hiszen tulajdonk\u00e9ppen ez a saj\u00e1t kis csomagunk, amit sz\u00fclet\u00e9s\u00fcnkor kaptunk. Haszn\u00e1ljuk b\u00e1tran, fejlessz\u00fck, adjunk hozz\u00e1, vegy\u00fcnk el ha kell, \u00e9lj\u00fcnk vele, hiszen a mi\u00e9nk. Az elemz\u00e9sr\u0151l A teljes elemz\u00e9s 25.000 Ft. Ebben a sz\u00fclet\u00e9si k\u00e9pletedre, napsz\u00e1modra, sorsutadra \u00e9s sorssz\u00e1modra fogunk r\u00e1n\u00e9zni. \u00c1tbesz\u00e9lj\u00fck mire \u00e9rdemes figyelni a jelenben, mely ter\u00fcleteken kell levezetni az energi\u00e1kat \u00e9s min \u00e9rdemes dolgozni m\u00e9g a j\u00f6v\u0151ben. A konzult\u00e1ci\u00f3 egy 90 perces online besz\u00e9lget\u00e9s keret\u00e9ben t\u00f6rt\u00e9nik. Bontott csomag: Ha nem tudod eld\u00f6nteni, hogy ez a te m\u00f3dszered, csin\u00e1ltam egy bontott csomagot. 1. csomagban a sz\u00fclet\u00e9si d\u00e1tumb\u00f3l n\u00e9zem milyen energi\u00e1kat hozol, teh\u00e1t a jelenre f\u00f3kusz\u00e1l. 2. csomagban a sorsutat, sorsfeladatot \u00e9s sz\u00f6gcs\u00facsokat n\u00e9zem, teh\u00e1t ink\u00e1bb a j\u00f6v\u0151re f\u00f3kusz\u00e1l. A bontott csomagok 12.500 Ft. \u00e9s 45 perces online konzult\u00e1ci\u00f3t foglalnak magukban. Akik ezt v\u00e1lasztj\u00e1k, kezd\u00e9snek az els\u0151 csomagot aj\u00e1nlom. N\u00e9velemz\u00e9sb\u0151l megtudhatod milyen energi\u00e1kkal t\u00e1mogat t\u00e9ged a neved. 30 perces konzult\u00e1ci\u00f3 5000 Ft.. Tov\u00e1bbi cikkek:<\/p>\n","protected":false},"author":1,"featured_media":0,"parent":0,"menu_order":0,"comment_status":"closed","ping_status":"closed","template":"","meta":{"_monsterinsights_skip_tracking":false,"_monsterinsights_sitenote_active":false,"_monsterinsights_sitenote_note":"","_monsterinsights_sitenote_category":0,"footnotes":""},"class_list":["post-11","page","type-page","status-publish","hentry"],"aioseo_notices":[],"_links":{"self":[{"href":"https:\/\/rejtettenunk.hu\/index.php?rest_route=\/wp\/v2\/pages\/11","targetHints":{"allow":["GET"]}}],"collection":[{"href":"https:\/\/rejtettenunk.hu\/index.php?rest_route=\/wp\/v2\/pages"}],"about":[{"href":"https:\/\/rejtettenunk.hu\/index.php?rest_route=\/wp\/v2\/types\/page"}],"author":[{"embeddable":true,"href":"https:\/\/rejtettenunk.hu\/index.php?rest_route=\/wp\/v2\/users\/1"}],"replies":[{"embeddable":true,"href":"https:\/\/rejtettenunk.hu\/index.php?rest_route=%2Fwp%2Fv2%2Fcomments&post=11"}],"version-history":[{"count":5,"href":"https:\/\/rejtettenunk.hu\/index.php?rest_route=\/wp\/v2\/pages\/11\/revisions"}],"predecessor-version":[{"id":513,"href":"https:\/\/rejtettenunk.hu\/index.php?rest_route=\/wp\/v2\/pages\/11\/revisions\/513"}],"wp:attachment":[{"href":"https:\/\/rejtettenunk.hu\/index.php?rest_route=%2Fwp%2Fv2%2Fmedia&parent=11"}],"curies":[{"name":"wp","href":"https:\/\/api.w.org\/{rel}","templated":true}]}}