{"id":30,"date":"2024-01-18T19:47:01","date_gmt":"2024-01-18T18:47:01","guid":{"rendered":"https:\/\/rejtettenunk.hu\/?page_id=30"},"modified":"2024-04-30T18:48:50","modified_gmt":"2024-04-30T16:48:50","slug":"kapcsolat","status":"publish","type":"page","link":"https:\/\/rejtettenunk.hu\/?page_id=30","title":{"rendered":"Kapcsolat"},"content":{"rendered":"\n<p>Id\u0151pontfoglal\u00e1s vagy k\u00e9rd\u00e9s eset\u00e9n:<\/p>\n\n\n\n<p><strong>e-mail: <\/strong>info@rejtettenunk.hu<\/p>\n\n\n\n<p><strong>facebook oldal:<\/strong> <a href=\"https:\/\/www.facebook.com\/rejtettenunk\" target=\"_blank\" rel=\"noopener\" title=\"\">https:\/\/www.facebook.com\/rejtettenunk<\/a><\/p>\n\n\n\n<p><\/p>\n","protected":false},"excerpt":{"rendered":"<p>Id\u0151pontfoglal\u00e1s vagy k\u00e9rd\u00e9s eset\u00e9n: e-mail: info@rejtettenunk.hu facebook oldal: https:\/\/www.facebook.com\/rejtettenunk<\/p>\n","protected":false},"author":1,"featured_media":0,"parent":0,"menu_order":0,"comment_status":"closed","ping_status":"closed","template":"","meta":{"_monsterinsights_skip_tracking":false,"_monsterinsights_sitenote_active":false,"_monsterinsights_sitenote_note":"","_monsterinsights_sitenote_category":0,"footnotes":""},"class_list":["post-30","page","type-page","status-publish","hentry"],"aioseo_notices":[],"_links":{"self":[{"href":"https:\/\/rejtettenunk.hu\/index.php?rest_route=\/wp\/v2\/pages\/30","targetHints":{"allow":["GET"]}}],"collection":[{"href":"https:\/\/rejtettenunk.hu\/index.php?rest_route=\/wp\/v2\/pages"}],"about":[{"href":"https:\/\/rejtettenunk.hu\/index.php?rest_route=\/wp\/v2\/types\/page"}],"author":[{"embeddable":true,"href":"https:\/\/rejtettenunk.hu\/index.php?rest_route=\/wp\/v2\/users\/1"}],"replies":[{"embeddable":true,"href":"https:\/\/rejtettenunk.hu\/index.php?rest_route=%2Fwp%2Fv2%2Fcomments&post=30"}],"version-history":[{"count":3,"href":"https:\/\/rejtettenunk.hu\/index.php?rest_route=\/wp\/v2\/pages\/30\/revisions"}],"predecessor-version":[{"id":111,"href":"https:\/\/rejtettenunk.hu\/index.php?rest_route=\/wp\/v2\/pages\/30\/revisions\/111"}],"wp:attachment":[{"href":"https:\/\/rejtettenunk.hu\/index.php?rest_route=%2Fwp%2Fv2%2Fmedia&parent=30"}],"curies":[{"name":"wp","href":"https:\/\/api.w.org\/{rel}","templated":true}]}}