{"id":303,"date":"2025-02-10T10:37:02","date_gmt":"2025-02-10T09:37:02","guid":{"rendered":"https:\/\/rejtettenunk.hu\/?page_id=303"},"modified":"2025-02-15T21:34:35","modified_gmt":"2025-02-15T20:34:35","slug":"online-szammisztika-alapozo-kezdoknek","status":"publish","type":"page","link":"https:\/\/rejtettenunk.hu\/?page_id=303","title":{"rendered":"Online Sz\u00e1mmisztika Alapoz\u00f3 \u2013 Kezd\u0151knek!"},"content":{"rendered":"\n<p><\/p>\n\n\n\n<h5 class=\"wp-block-heading\"><strong>K\u00edv\u00e1ncsi vagy, mit rejtenek a sz\u00e1mok?<\/strong><strong><br><\/strong>A sz\u00e1mmisztika egy fantasztikus m\u00f3dszer lehet az \u00f6nismeret elm\u00e9ly\u00edt\u00e9s\u00e9re \u00e9s az \u00e9let\u00fcnk jobb meg\u00e9rt\u00e9s\u00e9re. Sz\u00fclet\u00e9si sz\u00e1maink megmutatj\u00e1k alapvet\u0151 tulajdons\u00e1gainkat, m\u0171k\u00f6d\u00e9s\u00fcnket \u00e9s azokat az energi\u00e1kat, amelyek r\u00e1nk hatnak.<\/h5>\n\n\n\n<div style=\"height:30px\" aria-hidden=\"true\" class=\"wp-block-spacer\"><\/div>\n\n\n<div class=\"wp-block-image\">\n<figure class=\"aligncenter is-resized\"><img loading=\"lazy\" decoding=\"async\" width=\"1024\" height=\"538\" src=\"https:\/\/rejtettenunk.hu\/wp-content\/uploads\/2025\/01\/50os-kedvezmeny-masolata-1024x538.jpg\" alt=\"sz\u00e1mmisztika\" class=\"wp-image-232\" style=\"width:650px;height:auto\" srcset=\"https:\/\/rejtettenunk.hu\/wp-content\/uploads\/2025\/01\/50os-kedvezmeny-masolata-1024x538.jpg 1024w, https:\/\/rejtettenunk.hu\/wp-content\/uploads\/2025\/01\/50os-kedvezmeny-masolata-300x158.jpg 300w, https:\/\/rejtettenunk.hu\/wp-content\/uploads\/2025\/01\/50os-kedvezmeny-masolata-768x403.jpg 768w, https:\/\/rejtettenunk.hu\/wp-content\/uploads\/2025\/01\/50os-kedvezmeny-masolata-1140x599.jpg 1140w, https:\/\/rejtettenunk.hu\/wp-content\/uploads\/2025\/01\/50os-kedvezmeny-masolata.jpg 1200w\" sizes=\"auto, (max-width: 1024px) 100vw, 1024px\" \/><\/figure>\n<\/div>\n\n\n<div style=\"height:30px\" aria-hidden=\"true\" class=\"wp-block-spacer\"><\/div>\n\n\n\n<p>Ha szeretn\u00e9d megtudni, mit \u00e1rulnak el r\u00f3lad a sz\u00e1mok, \u00e9s hogyan seg\u00edthet a sz\u00e1mmisztika az \u00e9leted jobb\u00e1 t\u00e9tel\u00e9ben, itt a lehet\u0151s\u00e9g!<\/p>\n\n\n\n<hr class=\"wp-block-separator has-alpha-channel-opacity\"\/>\n\n\n\n<p><strong>&nbsp;Mit tanulsz meg a tanfolyam sor\u00e1n?<\/strong><\/p>\n\n\n\n<p>&nbsp;A sz\u00e1mok alapjelent\u00e9sei<br>&nbsp;Karakter-sz\u00e1mok<br>&nbsp;Sors\u00fat \u00e9s sorssz\u00e1m<br>&nbsp;M\u00e1trix elemz\u00e9s<br>&nbsp;Gyakorlati feladatok \u2013 az elm\u00e9let elm\u00e9ly\u00edt\u00e9se<br>&nbsp;H\u00e1zi feladatok \u2013 hogy m\u00e9g k\u00f6zelebb ker\u00fclhess \u00f6nmagadhoz<\/p>\n\n\n\n<hr class=\"wp-block-separator has-alpha-channel-opacity\"\/>\n\n\n\n<div style=\"height:30px\" aria-hidden=\"true\" class=\"wp-block-spacer\"><\/div>\n\n\n\n<p><strong>Mi\u00e9rt \u00e9rdemes csatlakozni?<\/strong><\/p>\n\n\n\n<p>&nbsp;K\u00f6nnyen k\u00f6vethet\u0151, gyakorlatorient\u00e1lt tananyag.<br>&nbsp;K\u00f6zvetlen k\u00e9rdez\u00e9si lehet\u0151s\u00e9g \u2013 v\u00e9gig t\u00e1mogatlak a tanfolyamon.<br>&nbsp;Feladatok, amelyek az \u00f6nismeretedet m\u00e9ly\u00edtik.<br>&nbsp;V\u00e1laszthat\u00f3 tanul\u00e1si forma: egy\u00e9ni tanul\u00e1s vagy kis, 3 f\u0151s csoportok.<\/p>\n\n\n\n<hr class=\"wp-block-separator has-alpha-channel-opacity\"\/>\n\n\n\n<div style=\"height:30px\" aria-hidden=\"true\" class=\"wp-block-spacer\"><\/div>\n\n\n\n<p><strong>R\u00e9szletek a tanfolyamr\u00f3l<\/strong><\/p>\n\n\n\n<ul class=\"wp-block-list\">\n<li>Id\u0151tartam: 13-14 alkalom.\n<ul class=\"wp-block-list\">\n<li>Egy\u00e9ni: 60 perc\/alkalom<\/li>\n\n\n\n<li>Csoportos: 90 perc\/alkalom<\/li>\n<\/ul>\n<\/li>\n\n\n\n<li><strong>\u00c1rak:<\/strong>\n<ul class=\"wp-block-list\">\n<li>Egy\u00e9ni r\u00e9szv\u00e9tel: 10.000 Ft \/alkalom<\/li>\n\n\n\n<li>Csoportos r\u00e9szv\u00e9tel: 90.000 Ft \/f\u0151<\/li>\n<\/ul>\n<\/li>\n<\/ul>\n\n\n\n<hr class=\"wp-block-separator has-alpha-channel-opacity\"\/>\n\n\n\n<div style=\"height:30px\" aria-hidden=\"true\" class=\"wp-block-spacer\"><\/div>\n\n\n\n<p><br><strong>Felt\u00e9telek<\/strong><\/p>\n\n\n\n<p>A szerz\u0151d\u00e9s megk\u00f6t\u00e9s\u00e9t k\u00f6vet\u0151en a r\u00e9szv\u00e9teli d\u00edjr\u00f3l sz\u00e1ml\u00e1t \u00e1ll\u00edtok ki, amit k\u00f6zvetlen banki \u00e1tutal\u00e1ssal vagy bankk\u00e1rty\u00e1s fizet\u00e9ssel tudsz kiegyenl\u00edteni. Az egy\u00e9ni tanfolyam eset\u00e9n mindig a k\u00f6vetkez\u0151 alkalomr\u00f3l, teh\u00e1t r\u00e9szletekben kapod meg a sz\u00e1ml\u00e1t.<\/p>\n\n\n\n<hr class=\"wp-block-separator has-alpha-channel-opacity\"\/>\n\n\n\n<div style=\"height:30px\" aria-hidden=\"true\" class=\"wp-block-spacer\"><\/div>\n\n\n\n<p><strong>Hogyan jelentkezhetsz?<\/strong><\/p>\n\n\n\n<p>&nbsp;E-mailben: info@rejtettenunk.hu<br>&nbsp;\u00dczenetben:&nbsp;https:\/\/www.facebook.com\/rejtettenunk\/<\/p>\n\n\n\n<p><strong>V\u00e1rlak szeretettel a tanfolyamon!&nbsp;<\/strong><\/p>\n\n\n\n<p>Ha b\u00e1rmilyen k\u00e9rd\u00e9s felmer\u00fcl, nyugodtan \u00edrjatok \u00fczenetet!&nbsp;<\/p>\n","protected":false},"excerpt":{"rendered":"<p>K\u00edv\u00e1ncsi vagy, mit rejtenek a sz\u00e1mok?A sz\u00e1mmisztika egy fantasztikus m\u00f3dszer lehet az \u00f6nismeret elm\u00e9ly\u00edt\u00e9s\u00e9re \u00e9s az \u00e9let\u00fcnk jobb meg\u00e9rt\u00e9s\u00e9re. Sz\u00fclet\u00e9si sz\u00e1maink megmutatj\u00e1k alapvet\u0151 tulajdons\u00e1gainkat, m\u0171k\u00f6d\u00e9s\u00fcnket \u00e9s azokat az energi\u00e1kat, amelyek r\u00e1nk hatnak. Ha szeretn\u00e9d megtudni, mit \u00e1rulnak el r\u00f3lad a sz\u00e1mok, \u00e9s hogyan seg\u00edthet a sz\u00e1mmisztika az \u00e9leted jobb\u00e1 t\u00e9tel\u00e9ben, itt a lehet\u0151s\u00e9g! &nbsp;Mit tanulsz meg a tanfolyam sor\u00e1n? &nbsp;A sz\u00e1mok alapjelent\u00e9sei&nbsp;Karakter-sz\u00e1mok&nbsp;Sors\u00fat \u00e9s sorssz\u00e1m&nbsp;M\u00e1trix elemz\u00e9s&nbsp;Gyakorlati feladatok \u2013 az elm\u00e9let elm\u00e9ly\u00edt\u00e9se&nbsp;H\u00e1zi feladatok \u2013 hogy m\u00e9g k\u00f6zelebb ker\u00fclhess \u00f6nmagadhoz Mi\u00e9rt \u00e9rdemes csatlakozni? &nbsp;K\u00f6nnyen k\u00f6vethet\u0151, gyakorlatorient\u00e1lt tananyag.&nbsp;K\u00f6zvetlen k\u00e9rdez\u00e9si lehet\u0151s\u00e9g \u2013 v\u00e9gig t\u00e1mogatlak a tanfolyamon.&nbsp;Feladatok, amelyek az \u00f6nismeretedet m\u00e9ly\u00edtik.&nbsp;V\u00e1laszthat\u00f3 tanul\u00e1si forma: egy\u00e9ni tanul\u00e1s vagy kis, 3 f\u0151s csoportok. R\u00e9szletek a tanfolyamr\u00f3l Felt\u00e9telek A szerz\u0151d\u00e9s megk\u00f6t\u00e9s\u00e9t k\u00f6vet\u0151en a r\u00e9szv\u00e9teli d\u00edjr\u00f3l sz\u00e1ml\u00e1t \u00e1ll\u00edtok ki, amit k\u00f6zvetlen banki \u00e1tutal\u00e1ssal vagy bankk\u00e1rty\u00e1s fizet\u00e9ssel tudsz kiegyenl\u00edteni. Az egy\u00e9ni tanfolyam eset\u00e9n mindig a k\u00f6vetkez\u0151 alkalomr\u00f3l, teh\u00e1t r\u00e9szletekben kapod meg a sz\u00e1ml\u00e1t. Hogyan jelentkezhetsz? &nbsp;E-mailben: info@rejtettenunk.hu&nbsp;\u00dczenetben:&nbsp;https:\/\/www.facebook.com\/rejtettenunk\/ V\u00e1rlak szeretettel a tanfolyamon!&nbsp; Ha b\u00e1rmilyen k\u00e9rd\u00e9s felmer\u00fcl, nyugodtan \u00edrjatok \u00fczenetet!&nbsp;<\/p>\n","protected":false},"author":1,"featured_media":0,"parent":0,"menu_order":0,"comment_status":"closed","ping_status":"closed","template":"","meta":{"_monsterinsights_skip_tracking":false,"_monsterinsights_sitenote_active":false,"_monsterinsights_sitenote_note":"","_monsterinsights_sitenote_category":0,"footnotes":""},"class_list":["post-303","page","type-page","status-publish","hentry"],"aioseo_notices":[],"_links":{"self":[{"href":"https:\/\/rejtettenunk.hu\/index.php?rest_route=\/wp\/v2\/pages\/303","targetHints":{"allow":["GET"]}}],"collection":[{"href":"https:\/\/rejtettenunk.hu\/index.php?rest_route=\/wp\/v2\/pages"}],"about":[{"href":"https:\/\/rejtettenunk.hu\/index.php?rest_route=\/wp\/v2\/types\/page"}],"author":[{"embeddable":true,"href":"https:\/\/rejtettenunk.hu\/index.php?rest_route=\/wp\/v2\/users\/1"}],"replies":[{"embeddable":true,"href":"https:\/\/rejtettenunk.hu\/index.php?rest_route=%2Fwp%2Fv2%2Fcomments&post=303"}],"version-history":[{"count":4,"href":"https:\/\/rejtettenunk.hu\/index.php?rest_route=\/wp\/v2\/pages\/303\/revisions"}],"predecessor-version":[{"id":342,"href":"https:\/\/rejtettenunk.hu\/index.php?rest_route=\/wp\/v2\/pages\/303\/revisions\/342"}],"wp:attachment":[{"href":"https:\/\/rejtettenunk.hu\/index.php?rest_route=%2Fwp%2Fv2%2Fmedia&parent=303"}],"curies":[{"name":"wp","href":"https:\/\/api.w.org\/{rel}","templated":true}]}}